{"id":2100,"date":"2022-10-08T05:02:47","date_gmt":"2022-10-08T05:02:47","guid":{"rendered":"https:\/\/edificioamura.com\/politica-de-cookies\/"},"modified":"2022-10-08T05:02:47","modified_gmt":"2022-10-08T05:02:47","slug":"politica-de-cookies","status":"publish","type":"page","link":"https:\/\/edificioamura.com\/en\/politica-de-cookies\/","title":{"rendered":"Pol\u00edtica de cookies"},"content":{"rendered":"<p><strong><u>Aviso de Cookies<\/u><\/strong><strong>\u00a0<\/strong><\/p>\n<p><strong>1.\u00bfQu\u00e9 son las Cookies?<br \/><\/strong>La p\u00e1gina web de EVI AMURA ESP, S.L.U. (en adelante Amura) www.edificioamura.com, utiliza cookies y otros archivos de funcionalidad similar. Las cookies son peque\u00f1os archivos de datos que se env\u00edan al ordenador del Usuario, tel\u00e9fono m\u00f3vil u otro dispositivo de acceso cuando visita una p\u00e1gina web y que permiten obtener informaci\u00f3n relativa a su navegaci\u00f3n o un c\u00f3digo que permite identificar un\u00edvocamente al usuario.<\/p>\n<p><strong>2.Tipolog\u00eda de Cookies y finalidades de uso.<\/strong><\/p>\n<p>Al navegar por este sitio web se utilizan cookies de sesi\u00f3n y cookies persistentes que, a su vez, pueden ser cookies propias o de terceros.<\/p>\n<p>Las Cookies de sesi\u00f3n son cookies dise\u00f1adas para recabar y almacenar datos mientras el usuario accede a una p\u00e1gina web. Se suelen emplear para almacenar informaci\u00f3n que solo interesa conservar para la prestaci\u00f3n del servicio solicitado por el usuario en una sola ocasi\u00f3n.<br \/>Las Cookies persistentes son un tipo de cookies en el que los datos siguen almacenados en el terminal y a los que se puede acceder y tratar durante un periodo definido por el responsable de la cookie, y que puede ir de unos minutos a varios a\u00f1os.<br \/>Cookies propias:<br \/>Las creadas o gestionadas por el responsable de la p\u00e1gina web, Amura.La p\u00e1gina web www.edificioamura.com, utiliza cookies propias persistentes con las siguientes finalidades:<\/p>\n<p>COOKIES T\u00c9CNICAS<\/p>\n<p>Son aqu\u00e9llas que permiten al usuario la navegaci\u00f3n a trav\u00e9s de una p\u00e1gina web, plataforma o aplicaci\u00f3n y la utilizaci\u00f3n de las diferentes opciones o servicios que en ella existan como, por ejemplo, controlar el tr\u00e1fico y la comunicaci\u00f3n de datos, identificar la sesi\u00f3n, acceder a partes de acceso restringido, y utilizar elementos de seguridad durante la navegaci\u00f3n.<\/p>\n<p>COOKIES DE PERSONALIZACI\u00d3N<\/p>\n<p>Estas cookies permiten al usuario especificar o personalizar algunas caracter\u00edsticas de las opciones generales de la p\u00e1gina Web. Por ejemplo, definir el idioma, fondo de pantalla, etc.<\/p>\n<p>COOKIES DE AN\u00c1LISIS<\/p>\n<p>Son aqu\u00e9llas que permiten el seguimiento y an\u00e1lisis del comportamiento de los usuarios de la web, para la elaboraci\u00f3n de perfiles de navegaci\u00f3n, con el fin de introducir mejoras en funci\u00f3n del an\u00e1lisis de los datos de uso sobre la oferta de productos y\/o servicios.<\/p>\n<p><strong>Cookies de terceros:<br \/><\/strong>Las administradas por prestadores de servicios de an\u00e1lisis, de redes sociales y de publicidad comportamental ajenos a Amura.<br \/>A continuaci\u00f3n se detallan tanto los terceros que pueden configurar y acceder a Cookies (no exentas de informaci\u00f3n y consentimiento) de su equipo como las finalidades con las que es utilizada la informaci\u00f3n que almacenan:<\/p>\n<p>FINALIDAD<\/p>\n<p>T\u00e9cnicas: Son aquellas que permiten al usuario la navegaci\u00f3n a trav\u00e9s de una p\u00e1gina web, plataforma o aplicaci\u00f3n y la utilizaci\u00f3n de las diferentes opciones o servicios que en ella existan como por ejemplo, almacenar contenidos para la difusi\u00f3n de videos o sonido o compartir contenidos a trav\u00e9s de redes sociales.<\/p>\n<p>FINALIDAD<\/p>\n<p>Facebook<br \/>Twitter<br \/>LinkedIn<br \/>Youtube<br \/>Google<\/p>\n<p>M\u00c1S INFORMACI\u00d3N<\/p>\n<p>https:\/\/www.facebook.com\/about\/privacy\/your-info<br \/>https:\/\/twitter.com\/privacya<br \/>http:\/\/es.linkedin.com\/legal\/cookie-policy<br \/>https:\/\/www.google.es\/intl\/es\/policies\/technologies\/types\/<br \/>https:\/\/www.google.com\/intl\/es_es\/policies\/technologies\/cookies\/<\/p>\n<p>Personalizaci\u00f3n: permiten al usuario especificar o personalizar algunas caracter\u00edsticas de las opciones generales de la p\u00e1gina web.<\/p>\n<p>Facebook<br \/>Youtube<\/p>\n<p>https:\/\/www.facebook.com\/about\/privacy\/your-info<br \/>https:\/\/www.google.es\/intl\/es\/policies\/technologies\/types\/<\/p>\n<p>An\u00e1lisis: Utilizadas para distinguir a los usuarios en la navegaci\u00f3n con fines estad\u00edsticos de anal\u00edtica web<\/p>\n<p>Google Analytics<br \/>Hotjar<\/p>\n<p>https:\/\/support.google.com\/analytics\/answer\/6004245<br \/>https:\/\/developers.google.com\/analytics\/devguides\/collection\/analyticsjs\/cookie-usage?hl=es<br \/>https:\/\/www.hotjar.com\/privacy<br \/>https:\/\/www.hotjar.com\/opt-out<\/p>\n<p><strong>3.Desactivaci\u00f3n o eliminaci\u00f3n de las Cookies.<\/strong><\/p>\n<p>La mayor\u00eda de los navegadores web permite gestionar, en cualquier momento, las preferencias del Usuario sobre el uso de las Cookies. El Usuario puede ajustar su navegador para que rechace Cookies o elimine determinadas Cookies seg\u00fan su criterio.<br \/>Para la configuraci\u00f3n de las Cookies el Usuario puede acceder a:<\/p>\n<p>Google Chrome:<br \/>Herramientas \u2192 Configuraci\u00f3n \u2192 Mostrar opciones avanzadas \u2192 configuraci\u00f3n de contenido \u2192 Cookies \u2192 Bloquear los datos de sitios y las cookies de terceros<\/p>\n<p>Mozilla Firefox:<br \/>Herramientas \u2192 Opciones \u2192 Privacidad \u2192 Historial \u2192 Usar una configuraci\u00f3n personalizada para el historial (desmarque todas las casillas).<\/p>\n<p>Internet Explorer:<br \/>Herramientas \u2192 Opciones de Internet \u2192 Privacidad \u2192 Configuraci\u00f3n para la zona de Internet (suba la barra de navegaci\u00f3n hasta Bloquear todas las cookies).<\/p>\n<p>Safari:<br \/>Edici\u00f3n \u2192 Preferencias \u2192 Privacidad \u2192 Bloquear cookies (seleccione \u201csiempre\u201d).<\/p>\n<p>Opera 19:<br \/>Men\u00fa \u2192 Configuraci\u00f3n \u2192 Privacidad y seguridad \u2192 Secci\u00f3n Cookies (seleccione Bloquear cookies de terceros y datos de sitio).<br \/>El Usuario puede revocar su consentimiento para el uso de cookies en su navegador a trav\u00e9s de las indicaciones anteriores.<br \/>El Usuario debe tener en cuenta que algunas caracter\u00edsticas de los contenidos de la p\u00e1gina web www.edificioamura.com solo est\u00e1n disponibles si se permite la instalaci\u00f3n de Cookies en su navegador. Si decide no aceptar o bloquear determinadas Cookies (en funci\u00f3n de su finalidad), puede que esto afecte, total o parcialmente, al funcionamiento normal de la p\u00e1gina web o que impida el acceso a algunos servicios de la misma.<\/p>\n<p>4.Actualizaciones y cambios en la Pol\u00edtica de Cookies.<br \/>Amura puede modificar esta Pol\u00edtica de Cookies en funci\u00f3n de nuevas exigencias legislativas, reglamentarias, o con la finalidad de adaptar dicha pol\u00edtica a las instrucciones dictadas por la Agencia Espa\u00f1ola de Protecci\u00f3n de Datos.<br \/>Cuando se produzcan cambios significativos en esta Pol\u00edtica de Cookies se comunicar\u00e1 al usuario mediante un aviso informativo en la p\u00e1gina web.<\/p>\n","protected":false},"excerpt":{"rendered":"<p>Aviso de Cookies\u00a0 1.\u00bfQu\u00e9 son las Cookies?La p\u00e1gina web de EVI AMURA ESP, S.L.U. (en adelante Amura) www.edificioamura.com, utiliza cookies y otros archivos de funcionalidad similar. Las cookies son peque\u00f1os archivos de datos que se env\u00edan al ordenador del Usuario, tel\u00e9fono m\u00f3vil u otro dispositivo de acceso cuando visita una p\u00e1gina web y que permiten [&hellip;]<\/p>\n","protected":false},"author":1,"featured_media":0,"parent":0,"menu_order":0,"comment_status":"closed","ping_status":"closed","template":"elementor_header_footer","meta":{"footnotes":""},"yoast_head":"<!-- This site is optimized with the Yoast SEO plugin v20.4 - https:\/\/yoast.com\/wordpress\/plugins\/seo\/ -->\n<title>Pol\u00edtica de cookies - Exclusivo Edificio de Oficinas Amura<\/title>\n<meta name=\"robots\" content=\"index, follow, max-snippet:-1, max-image-preview:large, max-video-preview:-1\" \/>\n<link rel=\"canonical\" href=\"https:\/\/edificioamura.com\/en\/politica-de-cookies\/\" \/>\n<meta property=\"og:locale\" content=\"en_US\" \/>\n<meta property=\"og:type\" content=\"article\" \/>\n<meta property=\"og:title\" content=\"Pol\u00edtica de cookies - Exclusivo Edificio de Oficinas Amura\" \/>\n<meta property=\"og:description\" content=\"Aviso de Cookies\u00a0 1.\u00bfQu\u00e9 son las Cookies?La p\u00e1gina web de EVI AMURA ESP, S.L.U. (en adelante Amura) www.edificioamura.com, utiliza cookies y otros archivos de funcionalidad similar. Las cookies son peque\u00f1os archivos de datos que se env\u00edan al ordenador del Usuario, tel\u00e9fono m\u00f3vil u otro dispositivo de acceso cuando visita una p\u00e1gina web y que permiten [&hellip;]\" \/>\n<meta property=\"og:url\" content=\"https:\/\/edificioamura.com\/en\/politica-de-cookies\/\" \/>\n<meta property=\"og:site_name\" content=\"Exclusivo Edificio de Oficinas Amura\" \/>\n<meta name=\"twitter:card\" content=\"summary_large_image\" \/>\n<meta name=\"twitter:label1\" content=\"Est. reading time\" \/>\n\t<meta name=\"twitter:data1\" content=\"5 minutes\" \/>\n<script type=\"application\/ld+json\" class=\"yoast-schema-graph\">{\"@context\":\"https:\/\/schema.org\",\"@graph\":[{\"@type\":\"WebPage\",\"@id\":\"https:\/\/edificioamura.com\/en\/politica-de-cookies\/\",\"url\":\"https:\/\/edificioamura.com\/en\/politica-de-cookies\/\",\"name\":\"Pol\u00edtica de cookies - Exclusivo Edificio de Oficinas Amura\",\"isPartOf\":{\"@id\":\"https:\/\/edificioamura.com\/en\/#website\"},\"datePublished\":\"2022-10-08T05:02:47+00:00\",\"dateModified\":\"2022-10-08T05:02:47+00:00\",\"breadcrumb\":{\"@id\":\"https:\/\/edificioamura.com\/en\/politica-de-cookies\/#breadcrumb\"},\"inLanguage\":\"en-US\",\"potentialAction\":[{\"@type\":\"ReadAction\",\"target\":[\"https:\/\/edificioamura.com\/en\/politica-de-cookies\/\"]}]},{\"@type\":\"BreadcrumbList\",\"@id\":\"https:\/\/edificioamura.com\/en\/politica-de-cookies\/#breadcrumb\",\"itemListElement\":[{\"@type\":\"ListItem\",\"position\":1,\"name\":\"Home\",\"item\":\"https:\/\/edificioamura.com\/en\/\"},{\"@type\":\"ListItem\",\"position\":2,\"name\":\"Pol\u00edtica de cookies\"}]},{\"@type\":\"WebSite\",\"@id\":\"https:\/\/edificioamura.com\/en\/#website\",\"url\":\"https:\/\/edificioamura.com\/en\/\",\"name\":\"Exclusivo Edificio de Oficinas Amura\",\"description\":\"Amura es un exclusivo edificio de oficinas sostenible ubicado en el P.E de Arroyo de la Vega y ofrece grandes posibilidades de crecimiento para tu empresa\",\"publisher\":{\"@id\":\"https:\/\/edificioamura.com\/en\/#organization\"},\"potentialAction\":[{\"@type\":\"SearchAction\",\"target\":{\"@type\":\"EntryPoint\",\"urlTemplate\":\"https:\/\/edificioamura.com\/en\/?s={search_term_string}\"},\"query-input\":\"required name=search_term_string\"}],\"inLanguage\":\"en-US\"},{\"@type\":\"Organization\",\"@id\":\"https:\/\/edificioamura.com\/en\/#organization\",\"name\":\"Exclusivo Edificio de Oficinas Amura\",\"url\":\"https:\/\/edificioamura.com\/en\/\",\"logo\":{\"@type\":\"ImageObject\",\"inLanguage\":\"en-US\",\"@id\":\"https:\/\/edificioamura.com\/en\/#\/schema\/logo\/image\/\",\"url\":\"https:\/\/edificioamura.com\/wp-content\/uploads\/2022\/10\/Captura-de-Pantalla-2022-12-02-a-las-9.57.41-1.png\",\"contentUrl\":\"https:\/\/edificioamura.com\/wp-content\/uploads\/2022\/10\/Captura-de-Pantalla-2022-12-02-a-las-9.57.41-1.png\",\"width\":388,\"height\":114,\"caption\":\"Exclusivo Edificio de Oficinas Amura\"},\"image\":{\"@id\":\"https:\/\/edificioamura.com\/en\/#\/schema\/logo\/image\/\"}}]}<\/script>\n<!-- \/ Yoast SEO plugin. -->","yoast_head_json":{"title":"Pol\u00edtica de cookies - Exclusivo Edificio de Oficinas Amura","robots":{"index":"index","follow":"follow","max-snippet":"max-snippet:-1","max-image-preview":"max-image-preview:large","max-video-preview":"max-video-preview:-1"},"canonical":"https:\/\/edificioamura.com\/en\/politica-de-cookies\/","og_locale":"en_US","og_type":"article","og_title":"Pol\u00edtica de cookies - Exclusivo Edificio de Oficinas Amura","og_description":"Aviso de Cookies\u00a0 1.\u00bfQu\u00e9 son las Cookies?La p\u00e1gina web de EVI AMURA ESP, S.L.U. (en adelante Amura) www.edificioamura.com, utiliza cookies y otros archivos de funcionalidad similar. Las cookies son peque\u00f1os archivos de datos que se env\u00edan al ordenador del Usuario, tel\u00e9fono m\u00f3vil u otro dispositivo de acceso cuando visita una p\u00e1gina web y que permiten [&hellip;]","og_url":"https:\/\/edificioamura.com\/en\/politica-de-cookies\/","og_site_name":"Exclusivo Edificio de Oficinas Amura","twitter_card":"summary_large_image","twitter_misc":{"Est. reading time":"5 minutes"},"schema":{"@context":"https:\/\/schema.org","@graph":[{"@type":"WebPage","@id":"https:\/\/edificioamura.com\/en\/politica-de-cookies\/","url":"https:\/\/edificioamura.com\/en\/politica-de-cookies\/","name":"Pol\u00edtica de cookies - Exclusivo Edificio de Oficinas Amura","isPartOf":{"@id":"https:\/\/edificioamura.com\/en\/#website"},"datePublished":"2022-10-08T05:02:47+00:00","dateModified":"2022-10-08T05:02:47+00:00","breadcrumb":{"@id":"https:\/\/edificioamura.com\/en\/politica-de-cookies\/#breadcrumb"},"inLanguage":"en-US","potentialAction":[{"@type":"ReadAction","target":["https:\/\/edificioamura.com\/en\/politica-de-cookies\/"]}]},{"@type":"BreadcrumbList","@id":"https:\/\/edificioamura.com\/en\/politica-de-cookies\/#breadcrumb","itemListElement":[{"@type":"ListItem","position":1,"name":"Home","item":"https:\/\/edificioamura.com\/en\/"},{"@type":"ListItem","position":2,"name":"Pol\u00edtica de cookies"}]},{"@type":"WebSite","@id":"https:\/\/edificioamura.com\/en\/#website","url":"https:\/\/edificioamura.com\/en\/","name":"Exclusivo Edificio de Oficinas Amura","description":"Amura es un exclusivo edificio de oficinas sostenible ubicado en el P.E de Arroyo de la Vega y ofrece grandes posibilidades de crecimiento para tu empresa","publisher":{"@id":"https:\/\/edificioamura.com\/en\/#organization"},"potentialAction":[{"@type":"SearchAction","target":{"@type":"EntryPoint","urlTemplate":"https:\/\/edificioamura.com\/en\/?s={search_term_string}"},"query-input":"required name=search_term_string"}],"inLanguage":"en-US"},{"@type":"Organization","@id":"https:\/\/edificioamura.com\/en\/#organization","name":"Exclusivo Edificio de Oficinas Amura","url":"https:\/\/edificioamura.com\/en\/","logo":{"@type":"ImageObject","inLanguage":"en-US","@id":"https:\/\/edificioamura.com\/en\/#\/schema\/logo\/image\/","url":"https:\/\/edificioamura.com\/wp-content\/uploads\/2022\/10\/Captura-de-Pantalla-2022-12-02-a-las-9.57.41-1.png","contentUrl":"https:\/\/edificioamura.com\/wp-content\/uploads\/2022\/10\/Captura-de-Pantalla-2022-12-02-a-las-9.57.41-1.png","width":388,"height":114,"caption":"Exclusivo Edificio de Oficinas Amura"},"image":{"@id":"https:\/\/edificioamura.com\/en\/#\/schema\/logo\/image\/"}}]}},"_links":{"self":[{"href":"https:\/\/edificioamura.com\/en\/wp-json\/wp\/v2\/pages\/2100"}],"collection":[{"href":"https:\/\/edificioamura.com\/en\/wp-json\/wp\/v2\/pages"}],"about":[{"href":"https:\/\/edificioamura.com\/en\/wp-json\/wp\/v2\/types\/page"}],"author":[{"embeddable":true,"href":"https:\/\/edificioamura.com\/en\/wp-json\/wp\/v2\/users\/1"}],"replies":[{"embeddable":true,"href":"https:\/\/edificioamura.com\/en\/wp-json\/wp\/v2\/comments?post=2100"}],"version-history":[{"count":0,"href":"https:\/\/edificioamura.com\/en\/wp-json\/wp\/v2\/pages\/2100\/revisions"}],"wp:attachment":[{"href":"https:\/\/edificioamura.com\/en\/wp-json\/wp\/v2\/media?parent=2100"}],"curies":[{"name":"wp","href":"https:\/\/api.w.org\/{rel}","templated":true}]}}